{"id":5629,"date":"2014-08-10T10:25:08","date_gmt":"2014-08-10T08:25:08","guid":{"rendered":"http:\/\/www.hoteldujany.com\/?page_id=5629"},"modified":"2026-02-16T13:06:32","modified_gmt":"2026-02-16T12:06:32","slug":"tarifs","status":"publish","type":"page","link":"https:\/\/www.hoteldujany.com\/fr\/tarifs\/","title":{"rendered":"Tarifs"},"content":{"rendered":"<h4 style=\"background-color: rgba(0,187,255,0.5); padding: 5px;\"><strong>NOUVEL AN SPECIAL! De 30\/12 \u00e0 02\/01. 3 jours en demi-pension 210,00 \u20ac par personne et d\u00eener du Nouvel an inclus<\/strong><\/h4>\n<h3 style=\"background-color: rgba(0,187,255,0.5); padding: 5px;\"><strong>Demi-pension Prix<\/strong><\/h3>\n<div class=\"pricing-table clearfix\">\n<div class=\"pricing-column-target column2 pricing_highlight\"><div class=\"pricing-column-type-1 pricing-column\"><ul><li class=\"pricing-title\">P\u00e9riode<\/li>\n<li class=\"pricing-row\">06\/01 &#8211; 31\/07 et 23\/08 &#8211; 25\/12<\/li>\n<li class=\"pricing-row\"><span class=\"Stile1\">demi-pension <\/span><\/li>\n<li class=\"pricing-row\">50.00\u00a0\u20ac par jour en chambre double<\/li>\n<li class=\"pricing-footer\"><a class=\"mbutton button-without-icon  button-align-center bigbutton graybutton button_gray\" href=\"https:\/\/www.hoteldujany.com\/fr\/contact-2\/\"><span>R\u00e9servez<\/span><\/a><\/li>\n<\/ul><\/div><\/div>\n<div class=\"pricing-column-target column2 pricing_highlight\"><div class=\"pricing-column-type-1 pricing-column\"><ul><li class=\"pricing-title\">P\u00e9riode<\/li>\n<li class=\"pricing-row\">01\/08 &#8211; 22\/08 et 26\/12 &#8211; 05\/01<\/li>\n<li class=\"pricing-row\"><span class=\"Stile1\">demi-pension <\/span><\/li>\n<li class=\"pricing-row\">58.00 \u20ac par jour en chambre double<\/li>\n<li class=\"pricing-footer\"><a class=\"mbutton button-without-icon  button-align-center bigbutton graybutton button_gray\" href=\"https:\/\/www.hoteldujany.com\/fr\/contact-2\/\"><span>R\u00e9servez<\/span><\/a><\/li>\n<\/ul><\/div><\/div>\n<p><\/div>\n<div class=\"clearfix divider-common divider-blank\" style=\"padding-top:40px;padding-bottom:40px;\"><\/div>\n<h3 style=\"background-color: rgba(0,187,255,0.5); padding: 5px;\"><strong>Prix\u00a0 B&amp;B<\/strong><\/h3>\n<div class=\"pricing-table clearfix\">\n<div class=\"pricing-column-target column4 pricing_highlight\"><div class=\"pricing-column-type-1 pricing-column\"><ul><li class=\"pricing-title\">Single<\/li>\n<li class=\"pricing-row\">H\u00e9bergement B&amp;B<\/li>\n<li class=\"pricing-row\">Min. 38.00\u20ac \/ Max. 50.00\u20ac<\/li>\n<li class=\"pricing-footer\"><a class=\"mbutton button-without-icon  button-align-center bigbutton graybutton button_gray\" href=\"https:\/\/www.hoteldujany.com\/fr\/contact-2\/\"><span>R\u00e9servez<\/span><\/a><\/li>\n<\/ul><\/div><\/div>\n<div class=\"pricing-column-target column4 pricing_highlight\"><div class=\"pricing-column-type-1 pricing-column\"><ul><li class=\"pricing-title\">Double<\/li>\n<li class=\"pricing-row\">H\u00e9bergement B&amp;B<\/li>\n<li class=\"pricing-row\">Min. 55.00\u20ac \/ Max. 70.00\u20ac<\/li>\n<li class=\"pricing-footer\"><a class=\"mbutton button-without-icon  button-align-center bigbutton graybutton button_gray\" href=\"https:\/\/www.hoteldujany.com\/fr\/contact-2\/\"><span>R\u00e9servez<\/span><\/a><\/li>\n<\/ul><\/div><\/div>\n<div class=\"pricing-column-target column4 pricing_highlight\"><div class=\"pricing-column-type-1 pricing-column\"><ul><li class=\"pricing-title\">Triple<\/li>\n<li class=\"pricing-row\">H\u00e9bergement B&amp;B<\/li>\n<li class=\"pricing-row\">Min. 65.00\u20ac \/ Max. 85.00\u20ac<\/li>\n<li class=\"pricing-footer\"><a class=\"mbutton button-without-icon  button-align-center bigbutton graybutton button_gray\" href=\"https:\/\/www.hoteldujany.com\/fr\/contact-2\/\"><span>R\u00e9servez<\/span><\/a><\/li>\n<\/ul><\/div><\/div>\n<div class=\"pricing-column-target column4 pricing_highlight\"><div class=\"pricing-column-type-1 pricing-column\"><ul><li class=\"pricing-title\">Quadruple<\/li>\n<li class=\"pricing-row\">H\u00e9bergement B&amp;B<\/li>\n<li class=\"pricing-row\">Min. 80.00\u20ac \/ Max. 100.00\u20ac<\/li>\n<li class=\"pricing-footer\"><a class=\"mbutton button-without-icon  button-align-center bigbutton graybutton button_gray\" href=\"https:\/\/www.hoteldujany.com\/fr\/contact-2\/\"><span>R\u00e9servez<\/span><\/a><\/li>\n<\/ul><\/div><\/div>\n<p><\/div>\n<div class=\"clearfix divider-common divider-blank\" style=\"padding-top:40px;padding-bottom:40px;\"><\/div>\n<p><span style=\"font-size: small;\"> <strong> EXTRA <\/strong> &amp; <strong> TARIFS <\/strong><br \/>\n<span style=\"color: #ffffff;\">Le tarif demi-pension s&rsquo;applique aux s\u00e9jours de 3 nuits minimum<\/span><br \/>\n<span style=\"color: #ffffff;\">Suppl\u00e9ment chambre individuelle: \u20ac 10,00 par jour<\/span><br \/>\n<span style=\"color: #ffffff;\">3\u00b0 &#8211; 4\u00b0 lit adultes 10% de r\u00e9duction<\/span><br \/>\n<span style=\"color: #ffffff;\">3\u00b0 &#8211; 4\u00b0 lit enfants 3-10 ans 30% de r\u00e9duction<\/span><br \/>\n<span style=\"color: #ffffff;\">Lit b\u00e9b\u00e9 0-2 ans \u20ac 6,00 <\/span><\/span><br \/>\n<strong> Offre sp\u00e9ciale 2 adultes + 2 enfants 3-12 ans = 3 adultes * <\/strong><\/p>\n","protected":false},"excerpt":{"rendered":"<p>NOUVEL AN SPECIAL! De 30\/12 \u00e0 02\/01. 3 jours en demi-pension 210,00 \u20ac par personne et d\u00eener du Nouvel an inclus Demi-pension Prix Prix\u00a0 B&amp;B EXTRA &amp; TARIFS Le tarif demi-pension s&rsquo;applique aux s\u00e9jours de 3 nuits minimum Suppl\u00e9ment chambre individuelle: \u20ac 10,00 par jour 3\u00b0 &#8211; 4\u00b0 lit adultes 10% de r\u00e9duction 3\u00b0 &#8211; 4\u00b0 lit enfants 3-10 ans 30% de r\u00e9duction Lit b\u00e9b\u00e9 0-2 ans \u20ac 6,00 Offre sp\u00e9ciale 2 adultes + 2 enfants 3-12 ans = 3 [&hellip;]<\/p>\n","protected":false},"author":1,"featured_media":0,"parent":0,"menu_order":0,"comment_status":"open","ping_status":"open","template":"","meta":{"footnotes":""},"class_list":["post-5629","page","type-page","status-publish","hentry"],"_links":{"self":[{"href":"https:\/\/www.hoteldujany.com\/fr\/wp-json\/wp\/v2\/pages\/5629"}],"collection":[{"href":"https:\/\/www.hoteldujany.com\/fr\/wp-json\/wp\/v2\/pages"}],"about":[{"href":"https:\/\/www.hoteldujany.com\/fr\/wp-json\/wp\/v2\/types\/page"}],"author":[{"embeddable":true,"href":"https:\/\/www.hoteldujany.com\/fr\/wp-json\/wp\/v2\/users\/1"}],"replies":[{"embeddable":true,"href":"https:\/\/www.hoteldujany.com\/fr\/wp-json\/wp\/v2\/comments?post=5629"}],"version-history":[{"count":22,"href":"https:\/\/www.hoteldujany.com\/fr\/wp-json\/wp\/v2\/pages\/5629\/revisions"}],"predecessor-version":[{"id":6243,"href":"https:\/\/www.hoteldujany.com\/fr\/wp-json\/wp\/v2\/pages\/5629\/revisions\/6243"}],"wp:attachment":[{"href":"https:\/\/www.hoteldujany.com\/fr\/wp-json\/wp\/v2\/media?parent=5629"}],"curies":[{"name":"wp","href":"https:\/\/api.w.org\/{rel}","templated":true}]}}